{"id":55,"date":"2020-09-14T17:22:37","date_gmt":"2020-09-14T17:22:37","guid":{"rendered":"http:\/\/www.mirallesart.com\/?page_id=55"},"modified":"2025-04-08T14:29:40","modified_gmt":"2025-04-08T14:29:40","slug":"galeria","status":"publish","type":"page","link":"https:\/\/www.mirallesart.com\/index.php\/front-page\/galeria\/","title":{"rendered":"Galer\u00eda"},"content":{"rendered":"\n<p>Ponemos a vuestra disposici\u00f3n un cat\u00e1logo que constituye una muestra de la obra completa de este prol\u00edfico artista.<\/p>\n\n\n\n<div class=\"wp-block-media-text alignwide is-stacked-on-mobile\"><figure class=\"wp-block-media-text__media\"><img fetchpriority=\"high\" decoding=\"async\" width=\"1024\" height=\"768\" src=\"http:\/\/www.mirallesart.com\/wp-content\/uploads\/2020\/09\/Collage-70x50-marca-3-1024x768.jpg\" alt=\"\" class=\"wp-image-303\" srcset=\"https:\/\/www.mirallesart.com\/wp-content\/uploads\/2020\/09\/Collage-70x50-marca-3-1024x768.jpg 1024w, https:\/\/www.mirallesart.com\/wp-content\/uploads\/2020\/09\/Collage-70x50-marca-3-300x225.jpg 300w, https:\/\/www.mirallesart.com\/wp-content\/uploads\/2020\/09\/Collage-70x50-marca-3-768x576.jpg 768w, https:\/\/www.mirallesart.com\/wp-content\/uploads\/2020\/09\/Collage-70x50-marca-3-1536x1152.jpg 1536w, https:\/\/www.mirallesart.com\/wp-content\/uploads\/2020\/09\/Collage-70x50-marca-3-2048x1536.jpg 2048w, https:\/\/www.mirallesart.com\/wp-content\/uploads\/2020\/09\/Collage-70x50-marca-3-155x116.jpg 155w\" sizes=\"(max-width: 1024px) 100vw, 1024px\" \/><\/figure><div class=\"wp-block-media-text__content\">\n<p class=\"has-large-font-size\"><a href=\"http:\/\/www.mirallesart.com\/index.php\/front-page\/galeria\/60s-70s\/\">60&#8217;s &#8211; 70&#8217;s<\/a><\/p>\n<\/div><\/div>\n\n\n\n<div class=\"wp-block-media-text alignwide has-media-on-the-right is-stacked-on-mobile\"><figure class=\"wp-block-media-text__media\"><img decoding=\"async\" width=\"1024\" height=\"865\" src=\"http:\/\/www.mirallesart.com\/wp-content\/uploads\/2020\/09\/Vaqueros-55x46cm-1-1024x865.jpg\" alt=\"\" class=\"wp-image-299\" srcset=\"https:\/\/www.mirallesart.com\/wp-content\/uploads\/2020\/09\/Vaqueros-55x46cm-1-1024x865.jpg 1024w, https:\/\/www.mirallesart.com\/wp-content\/uploads\/2020\/09\/Vaqueros-55x46cm-1-300x253.jpg 300w, https:\/\/www.mirallesart.com\/wp-content\/uploads\/2020\/09\/Vaqueros-55x46cm-1-768x649.jpg 768w, https:\/\/www.mirallesart.com\/wp-content\/uploads\/2020\/09\/Vaqueros-55x46cm-1-1536x1298.jpg 1536w, https:\/\/www.mirallesart.com\/wp-content\/uploads\/2020\/09\/Vaqueros-55x46cm-1-2048x1730.jpg 2048w, https:\/\/www.mirallesart.com\/wp-content\/uploads\/2020\/09\/Vaqueros-55x46cm-1-137x116.jpg 137w\" sizes=\"(max-width: 1024px) 100vw, 1024px\" \/><\/figure><div class=\"wp-block-media-text__content\">\n<p class=\"has-large-font-size\"><a href=\"http:\/\/www.mirallesart.com\/index.php\/front-page\/galeria\/accion\/\">Acci\u00f3n<\/a><\/p>\n<\/div><\/div>\n\n\n\n<div class=\"wp-block-media-text alignwide is-stacked-on-mobile\"><figure class=\"wp-block-media-text__media\"><img decoding=\"async\" width=\"768\" height=\"1024\" src=\"http:\/\/www.mirallesart.com\/wp-content\/uploads\/2020\/09\/Biblia-5-marca-768x1024.jpg\" alt=\"\" class=\"wp-image-95\" srcset=\"https:\/\/www.mirallesart.com\/wp-content\/uploads\/2020\/09\/Biblia-5-marca-768x1024.jpg 768w, https:\/\/www.mirallesart.com\/wp-content\/uploads\/2020\/09\/Biblia-5-marca-225x300.jpg 225w, https:\/\/www.mirallesart.com\/wp-content\/uploads\/2020\/09\/Biblia-5-marca-1152x1536.jpg 1152w, https:\/\/www.mirallesart.com\/wp-content\/uploads\/2020\/09\/Biblia-5-marca-87x116.jpg 87w, https:\/\/www.mirallesart.com\/wp-content\/uploads\/2020\/09\/Biblia-5-marca.jpg 1200w\" sizes=\"(max-width: 768px) 100vw, 768px\" \/><\/figure><div class=\"wp-block-media-text__content\">\n<p class=\"has-large-font-size\"><a href=\"http:\/\/www.mirallesart.com\/index.php\/front-page\/galeria\/religion\/\">Religi\u00f3n<\/a><\/p>\n<\/div><\/div>\n\n\n\n<div class=\"wp-block-media-text alignwide has-media-on-the-right is-stacked-on-mobile\"><figure class=\"wp-block-media-text__media\"><img loading=\"lazy\" decoding=\"async\" width=\"688\" height=\"854\" src=\"http:\/\/www.mirallesart.com\/wp-content\/uploads\/2020\/09\/Catedral-de-Barcelona-con-marca.jpg\" alt=\"\" class=\"wp-image-332\" srcset=\"https:\/\/www.mirallesart.com\/wp-content\/uploads\/2020\/09\/Catedral-de-Barcelona-con-marca.jpg 688w, https:\/\/www.mirallesart.com\/wp-content\/uploads\/2020\/09\/Catedral-de-Barcelona-con-marca-242x300.jpg 242w, https:\/\/www.mirallesart.com\/wp-content\/uploads\/2020\/09\/Catedral-de-Barcelona-con-marca-93x116.jpg 93w\" sizes=\"(max-width: 688px) 100vw, 688px\" \/><\/figure><div class=\"wp-block-media-text__content\">\n<p class=\"has-large-font-size\"><a href=\"http:\/\/www.mirallesart.com\/index.php\/front-page\/galeria\/pintura\/\">Pintura<\/a><\/p>\n<\/div><\/div>\n\n\n\n<div class=\"wp-block-media-text alignwide is-stacked-on-mobile\"><figure class=\"wp-block-media-text__media\"><img loading=\"lazy\" decoding=\"async\" width=\"1024\" height=\"768\" src=\"http:\/\/www.mirallesart.com\/wp-content\/uploads\/2020\/09\/El-Viejo-y-el-Ni\u00f1o-1-505x37-marca-2-1024x768.jpg\" alt=\"\" class=\"wp-image-284\" srcset=\"https:\/\/www.mirallesart.com\/wp-content\/uploads\/2020\/09\/El-Viejo-y-el-Ni\u00f1o-1-505x37-marca-2-1024x768.jpg 1024w, https:\/\/www.mirallesart.com\/wp-content\/uploads\/2020\/09\/El-Viejo-y-el-Ni\u00f1o-1-505x37-marca-2-300x225.jpg 300w, https:\/\/www.mirallesart.com\/wp-content\/uploads\/2020\/09\/El-Viejo-y-el-Ni\u00f1o-1-505x37-marca-2-768x576.jpg 768w, https:\/\/www.mirallesart.com\/wp-content\/uploads\/2020\/09\/El-Viejo-y-el-Ni\u00f1o-1-505x37-marca-2-1536x1152.jpg 1536w, https:\/\/www.mirallesart.com\/wp-content\/uploads\/2020\/09\/El-Viejo-y-el-Ni\u00f1o-1-505x37-marca-2-2048x1536.jpg 2048w, https:\/\/www.mirallesart.com\/wp-content\/uploads\/2020\/09\/El-Viejo-y-el-Ni\u00f1o-1-505x37-marca-2-155x116.jpg 155w\" sizes=\"(max-width: 1024px) 100vw, 1024px\" \/><\/figure><div class=\"wp-block-media-text__content\">\n<p class=\"has-large-font-size\"><a href=\"http:\/\/www.mirallesart.com\/index.php\/front-page\/galeria\/variada\/\">Variado<\/a><\/p>\n<\/div><\/div>\n","protected":false},"excerpt":{"rendered":"<p>Ponemos a vuestra disposici\u00f3n un cat\u00e1logo que constituye una muestra de la obra completa de este prol\u00edfico artista. 60&#8217;s &#8211; &hellip; <a href=\"https:\/\/www.mirallesart.com\/index.php\/front-page\/galeria\/\" class=\"more-link\">Sigue leyendo <span class=\"screen-reader-text\">Galer\u00eda<\/span><\/a><\/p>\n","protected":false},"author":1,"featured_media":0,"parent":20,"menu_order":0,"comment_status":"closed","ping_status":"closed","template":"","meta":{"om_disable_all_campaigns":false,"_monsterinsights_skip_tracking":false,"_monsterinsights_sitenote_active":false,"_monsterinsights_sitenote_note":"","_monsterinsights_sitenote_category":0,"_uf_show_specific_survey":0,"_uf_disable_surveys":false,"footnotes":""},"class_list":["post-55","page","type-page","status-publish","hentry"],"aioseo_notices":[],"_links":{"self":[{"href":"https:\/\/www.mirallesart.com\/index.php\/wp-json\/wp\/v2\/pages\/55","targetHints":{"allow":["GET"]}}],"collection":[{"href":"https:\/\/www.mirallesart.com\/index.php\/wp-json\/wp\/v2\/pages"}],"about":[{"href":"https:\/\/www.mirallesart.com\/index.php\/wp-json\/wp\/v2\/types\/page"}],"author":[{"embeddable":true,"href":"https:\/\/www.mirallesart.com\/index.php\/wp-json\/wp\/v2\/users\/1"}],"replies":[{"embeddable":true,"href":"https:\/\/www.mirallesart.com\/index.php\/wp-json\/wp\/v2\/comments?post=55"}],"version-history":[{"count":6,"href":"https:\/\/www.mirallesart.com\/index.php\/wp-json\/wp\/v2\/pages\/55\/revisions"}],"predecessor-version":[{"id":343,"href":"https:\/\/www.mirallesart.com\/index.php\/wp-json\/wp\/v2\/pages\/55\/revisions\/343"}],"up":[{"embeddable":true,"href":"https:\/\/www.mirallesart.com\/index.php\/wp-json\/wp\/v2\/pages\/20"}],"wp:attachment":[{"href":"https:\/\/www.mirallesart.com\/index.php\/wp-json\/wp\/v2\/media?parent=55"}],"curies":[{"name":"wp","href":"https:\/\/api.w.org\/{rel}","templated":true}]}}