{"id":54,"date":"2020-09-14T17:22:37","date_gmt":"2020-09-14T17:22:37","guid":{"rendered":"http:\/\/www.mirallesart.com\/?page_id=54"},"modified":"2025-09-04T06:30:21","modified_gmt":"2025-09-04T06:30:21","slug":"biografia","status":"publish","type":"page","link":"https:\/\/www.mirallesart.com\/index.php\/front-page\/biografia\/","title":{"rendered":"Biograf\u00eda"},"content":{"rendered":"\n<div class=\"wp-block-group\"><div class=\"wp-block-group__inner-container is-layout-flow wp-block-group-is-layout-flow\">\n<div class=\"wp-block-media-text alignwide is-stacked-on-mobile\"><figure class=\"wp-block-media-text__media\"><img fetchpriority=\"high\" decoding=\"async\" width=\"795\" height=\"1024\" src=\"http:\/\/www.mirallesart.com\/wp-content\/uploads\/2020\/09\/Foto-JM-1-795x1024.jpeg\" alt=\"\" class=\"wp-image-78\" srcset=\"https:\/\/www.mirallesart.com\/wp-content\/uploads\/2020\/09\/Foto-JM-1-795x1024.jpeg 795w, https:\/\/www.mirallesart.com\/wp-content\/uploads\/2020\/09\/Foto-JM-1-233x300.jpeg 233w, https:\/\/www.mirallesart.com\/wp-content\/uploads\/2020\/09\/Foto-JM-1-768x989.jpeg 768w, https:\/\/www.mirallesart.com\/wp-content\/uploads\/2020\/09\/Foto-JM-1-1192x1536.jpeg 1192w, https:\/\/www.mirallesart.com\/wp-content\/uploads\/2020\/09\/Foto-JM-1-90x116.jpeg 90w, https:\/\/www.mirallesart.com\/wp-content\/uploads\/2020\/09\/Foto-JM-1.jpeg 1197w\" sizes=\"(max-width: 795px) 100vw, 795px\" \/><\/figure><div class=\"wp-block-media-text__content\">\n<p><strong>Josep Maria Miralles naci\u00f3 el a\u00f1o 1937 en Barcelona<\/strong>, en plena Guerra Civil Espa\u00f1ola, bajo los bombardeos de la aviaci\u00f3n fascista, y el temor a los anarquistas, en el seno de una familia de esp\u00edritu religioso.<\/p>\n\n\n\n<p>En la postguerra, y con las carencias de todo tipo de la \u00e9poca, creci\u00f3 con una gran obsesi\u00f3n por el dibujo y la pintura. Su madre contaba qu\u00e9 desde los cuatro a\u00f1os, cuando se trasladaron a vivir a Girona, ya dibujaba muy bien. Ya en Barcelona, en el barrio de Gracia, siempre ten\u00eda un l\u00e1piz a mano. A los ocho a\u00f1os le dibuj\u00f3 a su madre una dama antigua, que ella conserv\u00f3 siempre y que ten\u00eda una calidad incre\u00edble para un ni\u00f1o de esa edad. Sus cuadernos escolares estaban llenos de dibujos que asombraban a sus profesores. Siempre dec\u00eda que de mayor quer\u00eda ser dibujante.<\/p>\n\n\n\n<p>A principio de los a\u00f1os 50, con mucha voluntad, finalmente pudo hacer realidad su deseo y empez\u00f3 a dedicarse a lo que siempre hab\u00eda deseado: DIBUJAR.<\/p>\n\n\n\n<p>Estudi\u00f3 dibujo, pero se puede decir que fue autodidacta. Su \u00eddolo fue (como muchos otros) Alex Raymond y su Flash Gordon y Rip Kirby. Tambi\u00e9n Canniff, y Frank Robbins, Harold Foster, Jos\u00e9 Luis Salinas, etc.&nbsp; En la ilustraci\u00f3n Bob Peak, Bernie Fuchs, Joe Bowler, Frank McCarthy, y claro, Norman Rockwell, entre otros.<\/p>\n<\/div><\/div>\n<\/div><\/div>\n\n\n\n<div class=\"wp-block-media-text alignwide has-media-on-the-right is-stacked-on-mobile\"><figure class=\"wp-block-media-text__media\"><img decoding=\"async\" width=\"1024\" height=\"768\" src=\"http:\/\/www.mirallesart.com\/wp-content\/uploads\/2020\/09\/El-Viejo-y-el-Ni\u00f1o-1-505x37-marca-1024x768.jpg\" alt=\"\" class=\"wp-image-80\" srcset=\"https:\/\/www.mirallesart.com\/wp-content\/uploads\/2020\/09\/El-Viejo-y-el-Ni\u00f1o-1-505x37-marca-1024x768.jpg 1024w, https:\/\/www.mirallesart.com\/wp-content\/uploads\/2020\/09\/El-Viejo-y-el-Ni\u00f1o-1-505x37-marca-300x225.jpg 300w, https:\/\/www.mirallesart.com\/wp-content\/uploads\/2020\/09\/El-Viejo-y-el-Ni\u00f1o-1-505x37-marca-768x576.jpg 768w, https:\/\/www.mirallesart.com\/wp-content\/uploads\/2020\/09\/El-Viejo-y-el-Ni\u00f1o-1-505x37-marca-1536x1152.jpg 1536w, https:\/\/www.mirallesart.com\/wp-content\/uploads\/2020\/09\/El-Viejo-y-el-Ni\u00f1o-1-505x37-marca-2048x1536.jpg 2048w, https:\/\/www.mirallesart.com\/wp-content\/uploads\/2020\/09\/El-Viejo-y-el-Ni\u00f1o-1-505x37-marca-155x116.jpg 155w\" sizes=\"(max-width: 1024px) 100vw, 1024px\" \/><\/figure><div class=\"wp-block-media-text__content\">\n<p>En 1953, con quince a\u00f1os, conoci\u00f3 a Josep Toutain, cuando \u00e9ste empezaba a reunir dibujantes para formar lo que en el futuro ser\u00eda el estudio de Selecciones Ilustradas. Sus primeros trabajos fueron para Francia, Argentina y otros, y un poco despu\u00e9s dio el gran salto al mercado ingl\u00e9s de revistas juveniles: Valentine, Marilyn, Roxy y Serenade. Lleg\u00f3 a ser una figura muy relevante dentro de las revistas juveniles del mercado brit\u00e1nicos.<\/p>\n\n\n\n<p>Pero su inquietud le ped\u00eda m\u00e1s, y dej\u00f3 la historieta para centrarse en la ilustraci\u00f3n a color para revistas de diferentes \u00e1mbitos y portadas de libros para muchos pa\u00edses. Trabaj\u00f3 para toda Europa: Gran Breta\u00f1a, Alemania, Escandinavia, Francia, realizando portadas para novelas principalmente de tema rom\u00e1ntico, y para seriales de revistas Escandinavas.<\/p>\n\n\n\n<p>Josep Maria fuedesarrollando un estilo muy suelto, y con gran sensibilidad. Realiz\u00f3 trabajos de ilustraci\u00f3n para Afha en Espa\u00f1a y Hachette en Francia entre otros muchos editores. Para Editorial Roll\u00e1n realiz\u00f3 las ilustraciones de la Colecci\u00f3n \u201cEl Viejo y el Ni\u00f1o\u201d, que le hacen merecer el respeto y la admiraci\u00f3n del mundo de la ilustraci\u00f3n.<\/p>\n<\/div><\/div>\n\n\n\n<div class=\"wp-block-media-text alignwide is-stacked-on-mobile\"><figure class=\"wp-block-media-text__media\"><img decoding=\"async\" width=\"441\" height=\"447\" src=\"http:\/\/www.mirallesart.com\/wp-content\/uploads\/2020\/09\/Star-Wars.jpg\" alt=\"\" class=\"wp-image-81\" srcset=\"https:\/\/www.mirallesart.com\/wp-content\/uploads\/2020\/09\/Star-Wars.jpg 441w, https:\/\/www.mirallesart.com\/wp-content\/uploads\/2020\/09\/Star-Wars-296x300.jpg 296w, https:\/\/www.mirallesart.com\/wp-content\/uploads\/2020\/09\/Star-Wars-114x116.jpg 114w, https:\/\/www.mirallesart.com\/wp-content\/uploads\/2020\/09\/Star-Wars-50x50.jpg 50w\" sizes=\"(max-width: 441px) 100vw, 441px\" \/><\/figure><div class=\"wp-block-media-text__content\">\n<p>Tambi\u00e9n hizo pintura de galer\u00eda y varias exposiciones. Gan\u00f3 varios premios de pintura r\u00e1pida (Montju\u00efc, L&#8217;Hospitalet, Arenys de Munt). Pero simultanear pintura e ilustraci\u00f3n le resultaba dif\u00edcil y se concentr\u00f3 mayoritariamente en la ilustraci\u00f3n.<\/p>\n\n\n\n<p>De la mano de Selecciones Ilustradas en los a\u00f1os 70 dio el gran salto a los Estados Unidos. En ese momento evolucion\u00f3 hacia un estilo m\u00e1s realista por exigencias del mercado siempre cambiante. Ha hecho muchos trabajos para este pa\u00eds de diferentes temas: juveniles, infantiles, femeninos, licencias e incluso temas religiosos. Colabor\u00f3 \u200b\u200ben varias Biblias Ilustradas para las editoriales Tyndale y Reader&#8217;s Digest. Hasta hace poco todav\u00eda realizaba pinturas de tipo religioso para una editorial de Nueva Jersey.<\/p>\n\n\n\n<p>A mediados de los 70, empez\u00f3 a trabajar para la reci\u00e9n creada Agencia Norma, donde trabaj\u00f3 para el mercado ingl\u00e9s (Futura y otros), el alem\u00e1n (Bastei, Pabel, Kelter), y seriales para Escandinavia (que realiz\u00f3 hasta hace muy poco tiempo).<\/p>\n\n\n\n<p>M\u00e1s adelante, a trav\u00e9s de Selecciones Ilustradas, ilustr\u00f3 la licencia Star Wars con gran \u00e9xito.<\/p>\n<\/div><\/div>\n\n\n\n<div class=\"wp-block-media-text alignwide has-media-on-the-right is-stacked-on-mobile\"><figure class=\"wp-block-media-text__media\"><img loading=\"lazy\" decoding=\"async\" width=\"1024\" height=\"768\" src=\"http:\/\/www.mirallesart.com\/wp-content\/uploads\/2020\/09\/Calle-de-Par\u00eds-en-oto\u00f1o-54x45-Marca-1024x768.jpg\" alt=\"\" class=\"wp-image-82\" srcset=\"https:\/\/www.mirallesart.com\/wp-content\/uploads\/2020\/09\/Calle-de-Par\u00eds-en-oto\u00f1o-54x45-Marca-1024x768.jpg 1024w, https:\/\/www.mirallesart.com\/wp-content\/uploads\/2020\/09\/Calle-de-Par\u00eds-en-oto\u00f1o-54x45-Marca-300x225.jpg 300w, https:\/\/www.mirallesart.com\/wp-content\/uploads\/2020\/09\/Calle-de-Par\u00eds-en-oto\u00f1o-54x45-Marca-768x576.jpg 768w, https:\/\/www.mirallesart.com\/wp-content\/uploads\/2020\/09\/Calle-de-Par\u00eds-en-oto\u00f1o-54x45-Marca-1536x1152.jpg 1536w, https:\/\/www.mirallesart.com\/wp-content\/uploads\/2020\/09\/Calle-de-Par\u00eds-en-oto\u00f1o-54x45-Marca-2048x1536.jpg 2048w, https:\/\/www.mirallesart.com\/wp-content\/uploads\/2020\/09\/Calle-de-Par\u00eds-en-oto\u00f1o-54x45-Marca-155x116.jpg 155w\" sizes=\"(max-width: 1024px) 100vw, 1024px\" \/><\/figure><div class=\"wp-block-media-text__content\">\n<p>Hace unos a\u00f1os dio el salto natural para \u00e9l a la pintura de Galer\u00eda donde pod\u00eda mostrarse con mucha m\u00e1s libertad. Su primera exposici\u00f3n fue en la Galer\u00eda Jaimes del Paseo de Gracia de Barcelona, \u200b\u200by desde entonces ha seguido alternando su labor como ilustrador y la de pintor. Ha hecho exposiciones en Barcelona (La citada Jaimes, Colegio de Arquitectos, Galer\u00eda Almirall, Club Dhin entre otros), Arenys de Mar, Olot (Galer\u00eda Armengol) y numerosas exposiciones colectivas. La actividad pict\u00f3rica de muchos a\u00f1os de Josep Maria Miralles ha sido y es muy fruct\u00edfera. Su obra est\u00e1 muy repartida entre colecciones privadas de muchos pa\u00edses.<\/p>\n\n\n\n<p>Actualmente su estilo es realista, con una buena base de dibujo, una pincelada dulce y elegante y con una t\u00e9cnica notable fruto de su experiencia de muchos a\u00f1os. Sus obras traslucen una vibraci\u00f3n especial, fruto de su amor y entrega al trabajo.<\/p>\n\n\n\n<p>\u00c9l vive por y para su pintura. Sus obras son un verdadero reflejo de s\u00ed mismo, porque Josep Maria se entrega totalmente a su vocaci\u00f3n.<\/p>\n<\/div><\/div>\n\n\n\n<p><\/p>\n","protected":false},"excerpt":{"rendered":"<p>Josep Maria Miralles naci\u00f3 el a\u00f1o 1937 en Barcelona, en plena Guerra Civil Espa\u00f1ola, bajo los bombardeos de la aviaci\u00f3n &hellip; <a href=\"https:\/\/www.mirallesart.com\/index.php\/front-page\/biografia\/\" class=\"more-link\">Sigue leyendo <span class=\"screen-reader-text\">Biograf\u00eda<\/span><\/a><\/p>\n","protected":false},"author":1,"featured_media":0,"parent":20,"menu_order":0,"comment_status":"closed","ping_status":"closed","template":"page-templates\/full-width.php","meta":{"om_disable_all_campaigns":false,"_monsterinsights_skip_tracking":false,"_monsterinsights_sitenote_active":false,"_monsterinsights_sitenote_note":"","_monsterinsights_sitenote_category":0,"_uf_show_specific_survey":0,"_uf_disable_surveys":false,"footnotes":""},"class_list":["post-54","page","type-page","status-publish","hentry"],"aioseo_notices":[],"_links":{"self":[{"href":"https:\/\/www.mirallesart.com\/index.php\/wp-json\/wp\/v2\/pages\/54","targetHints":{"allow":["GET"]}}],"collection":[{"href":"https:\/\/www.mirallesart.com\/index.php\/wp-json\/wp\/v2\/pages"}],"about":[{"href":"https:\/\/www.mirallesart.com\/index.php\/wp-json\/wp\/v2\/types\/page"}],"author":[{"embeddable":true,"href":"https:\/\/www.mirallesart.com\/index.php\/wp-json\/wp\/v2\/users\/1"}],"replies":[{"embeddable":true,"href":"https:\/\/www.mirallesart.com\/index.php\/wp-json\/wp\/v2\/comments?post=54"}],"version-history":[{"count":6,"href":"https:\/\/www.mirallesart.com\/index.php\/wp-json\/wp\/v2\/pages\/54\/revisions"}],"predecessor-version":[{"id":384,"href":"https:\/\/www.mirallesart.com\/index.php\/wp-json\/wp\/v2\/pages\/54\/revisions\/384"}],"up":[{"embeddable":true,"href":"https:\/\/www.mirallesart.com\/index.php\/wp-json\/wp\/v2\/pages\/20"}],"wp:attachment":[{"href":"https:\/\/www.mirallesart.com\/index.php\/wp-json\/wp\/v2\/media?parent=54"}],"curies":[{"name":"wp","href":"https:\/\/api.w.org\/{rel}","templated":true}]}}