{"id":465,"date":"2020-10-07T16:40:58","date_gmt":"2020-10-07T16:40:58","guid":{"rendered":"http:\/\/www.mirallesart.com\/?page_id=465"},"modified":"2025-04-08T14:30:04","modified_gmt":"2025-04-08T14:30:04","slug":"biografia","status":"publish","type":"page","link":"https:\/\/www.mirallesart.com\/index.php\/ca\/front-page-catala\/biografia\/","title":{"rendered":"Biografia"},"content":{"rendered":"\n<div class=\"wp-block-media-text alignwide is-stacked-on-mobile\"><figure class=\"wp-block-media-text__media\"><img fetchpriority=\"high\" decoding=\"async\" width=\"795\" height=\"1024\" src=\"http:\/\/www.mirallesart.com\/wp-content\/uploads\/2020\/10\/Foto-JM-1-795x1024.jpeg\" alt=\"\" class=\"wp-image-466\" srcset=\"https:\/\/www.mirallesart.com\/wp-content\/uploads\/2020\/10\/Foto-JM-1-795x1024.jpeg 795w, https:\/\/www.mirallesart.com\/wp-content\/uploads\/2020\/10\/Foto-JM-1-233x300.jpeg 233w, https:\/\/www.mirallesart.com\/wp-content\/uploads\/2020\/10\/Foto-JM-1-768x989.jpeg 768w, https:\/\/www.mirallesart.com\/wp-content\/uploads\/2020\/10\/Foto-JM-1-1192x1536.jpeg 1192w, https:\/\/www.mirallesart.com\/wp-content\/uploads\/2020\/10\/Foto-JM-1-90x116.jpeg 90w, https:\/\/www.mirallesart.com\/wp-content\/uploads\/2020\/10\/Foto-JM-1.jpeg 1197w\" sizes=\"(max-width: 795px) 100vw, 795px\" \/><\/figure><div class=\"wp-block-media-text__content\">\n<p>Josep Maria Miralles va n\u00e9ixer l&#8217;any 1937 a Barcelona, \u200b\u200ben plena Guerra Civil Espanyola, sota els bombardejos de l&#8217;aviaci\u00f3 feixista, i el temor als anarquistes, en el si d&#8217;una fam\u00edlia d&#8217;esperit religi\u00f3s.<\/p>\n\n\n\n<p>A la postguerra, i amb les mancances de tot tipus de l&#8217;\u00e8poca, va cr\u00e9ixer amb una gran obsessi\u00f3 pel dibuix i la pintura. La seva mare explicava qu\u00e8 des dels quatre anys, quan es van traslladar a viure a Girona, ja dibuixava molt b\u00e9. Ja a Barcelona, \u200b\u200bal barri de Gr\u00e0cia, sempre tenia un llapis a m\u00e0. Als vuit anys li va dibuixar a la seva mare una dama antiga, que ella va conservar sempre i que tenia una qualitat incre\u00efble per a un nen d&#8217;aquesta edat. Els seus quaderns escolars estaven plens de dibuixos que sorprenien als seus professors. Sempre deia que de gran volia ser dibuixant.<\/p>\n\n\n\n<p>A principi dels anys 50, amb molta voluntat, finalment va poder fer realitat el seu desig i va comen\u00e7ar a dedicar-se al que sempre havia desitjat: DIBUIXAR.<\/p>\n\n\n\n<p>Va estudiar dibuix, per\u00f2 es pot dir que va ser autodidacta. El seu \u00eddol va ser (com molts altres) Alex Raymond i el seu Flash Gordon i Rip Kirby. Tamb\u00e9 Canniff, i Frank Robbins, Harold Foster, Jos\u00e9 Luis Salinas, etc. En la il\u00b7lustraci\u00f3 Bob Peak, Bernie Fuchs, Joe Bowler, Frank McCarthy, i \u00e9s clar, Norman Rockwell, entre d&#8217;altres.<\/p>\n<\/div><\/div>\n\n\n\n<div class=\"wp-block-media-text alignwide has-media-on-the-right is-stacked-on-mobile\"><figure class=\"wp-block-media-text__media\"><img decoding=\"async\" width=\"1024\" height=\"768\" src=\"https:\/\/www.mirallesart.com\/wp-content\/uploads\/2020\/10\/El-Viejo-y-el-Ni\u00f1o-1-505x37-marca-1-1024x768.jpg\" alt=\"\" class=\"wp-image-467\" srcset=\"https:\/\/www.mirallesart.com\/wp-content\/uploads\/2020\/10\/El-Viejo-y-el-Ni\u00f1o-1-505x37-marca-1-1024x768.jpg 1024w, https:\/\/www.mirallesart.com\/wp-content\/uploads\/2020\/10\/El-Viejo-y-el-Ni\u00f1o-1-505x37-marca-1-300x225.jpg 300w, https:\/\/www.mirallesart.com\/wp-content\/uploads\/2020\/10\/El-Viejo-y-el-Ni\u00f1o-1-505x37-marca-1-768x576.jpg 768w, https:\/\/www.mirallesart.com\/wp-content\/uploads\/2020\/10\/El-Viejo-y-el-Ni\u00f1o-1-505x37-marca-1-1536x1152.jpg 1536w, https:\/\/www.mirallesart.com\/wp-content\/uploads\/2020\/10\/El-Viejo-y-el-Ni\u00f1o-1-505x37-marca-1-2048x1536.jpg 2048w, https:\/\/www.mirallesart.com\/wp-content\/uploads\/2020\/10\/El-Viejo-y-el-Ni\u00f1o-1-505x37-marca-1-155x116.jpg 155w\" sizes=\"(max-width: 1024px) 100vw, 1024px\" \/><\/figure><div class=\"wp-block-media-text__content\">\n<p>Al 1953, amb quinze anys, va con\u00e8ixer a en Josep Toutain, quan aquest comen\u00e7ava a reunir dibuixants per formar el que en el futur seria l&#8217;estudi de Seleccions Il\u00b7lustrades. Els seus primers treballs van ser per Fran\u00e7a, Argentina i altres, i una mica despr\u00e9s va fer el gran salt al mercat angl\u00e8s de revistes juvenils: Valentine, Marilyn, Roxy i Serenade. Va arribar a ser una figura molt rellevant dins de les revistes juvenils del mercat brit\u00e0nic.<\/p>\n\n\n\n<p>Per\u00f2 la seva inquietud li demanava m\u00e9s, i va deixar la historieta per centrar-se en la il\u00b7lustraci\u00f3 a color per a revistes de diferents \u00e0mbits i portades de llibres per a molts pa\u00efsos. Va treballar per tot Europa: Gran Bretanya, Alemanya, Escandin\u00e0via, Fran\u00e7a, realitzant portades per a novel\u00b7les principalment de tema rom\u00e0ntic, i per serials de revistes Escandinaves.<\/p>\n\n\n\n<p>Josep Maria va anar desenvolupant un estil molt propi, i amb gran sensibilitat. Va realitzar treballs d&#8217;il\u00b7lustraci\u00f3 per Afha a Espanya i Hachette a Fran\u00e7a entre molts d&#8217;altres editors. Per Editorial Roll\u00e1n va realitzar les il\u00b7lustracions de la col\u00b7lecci\u00f3 \u00abEl Viejo y el Ni\u00f1o\u00bb, que li fan mer\u00e8ixer el respecte i l&#8217;admiraci\u00f3 del m\u00f3n de la il\u00b7lustraci\u00f3.<\/p>\n<\/div><\/div>\n\n\n\n<div class=\"wp-block-media-text alignwide is-stacked-on-mobile\"><figure class=\"wp-block-media-text__media\"><img decoding=\"async\" width=\"441\" height=\"447\" src=\"https:\/\/www.mirallesart.com\/wp-content\/uploads\/2020\/10\/Star-Wars-1.jpg\" alt=\"\" class=\"wp-image-468\" srcset=\"https:\/\/www.mirallesart.com\/wp-content\/uploads\/2020\/10\/Star-Wars-1.jpg 441w, https:\/\/www.mirallesart.com\/wp-content\/uploads\/2020\/10\/Star-Wars-1-296x300.jpg 296w, https:\/\/www.mirallesart.com\/wp-content\/uploads\/2020\/10\/Star-Wars-1-114x116.jpg 114w, https:\/\/www.mirallesart.com\/wp-content\/uploads\/2020\/10\/Star-Wars-1-50x50.jpg 50w\" sizes=\"(max-width: 441px) 100vw, 441px\" \/><\/figure><div class=\"wp-block-media-text__content\">\n<p>Tamb\u00e9 va fer pintura de galeria i diverses exposicions. Va guanyar diversos premis de pintura r\u00e0pida (Montju\u00efc, l&#8217;Hospitalet, Arenys de Munt). Per\u00f2 simultaniejar pintura i il\u00b7lustraci\u00f3 li resultava dif\u00edcil i es va concentrar majorit\u00e0riament en la il\u00b7lustraci\u00f3.<\/p>\n\n\n\n<p>De la m\u00e0 de Seleccions Il\u00b7lustrades en els anys 70 va fer el gran salt als Estats Units. En aquest moment va evolucionar cap a un estil m\u00e9s realista per exig\u00e8ncies del mercat sempre canviant. Va fer molts treballs per a aquest pa\u00eds de diferents temes: juvenils, infantils, femenins, llic\u00e8ncies i fins i tot temes religiosos. Va col\u00b7laborar en diverses B\u00edblies Il\u00b7lustrades per a les editorials Tyndale i Reader &#8216;s Digest. Fins fa poc encara realitzava pintures de tipus religi\u00f3s per a una editorial de Nova Jersey.<\/p>\n\n\n\n<p>A mitjans dels 70, va comen\u00e7ar a treballar per la recent creada Ag\u00e8ncia Norma, on va treballar per al mercat angl\u00e8s (Futura i altres), l&#8217;alemany (Bastei, Pabel, Kelter), i serials per Escandin\u00e0via (que va realitzar fins fa molt poc temps ).<\/p>\n\n\n\n<p>M\u00e9s endavant, a trav\u00e9s de Seleccions Il\u00b7lustrades, va il\u00b7lustrar la llic\u00e8ncia Star Wars amb gran \u00e8xit.<\/p>\n<\/div><\/div>\n\n\n\n<div class=\"wp-block-media-text alignwide has-media-on-the-right is-stacked-on-mobile\"><figure class=\"wp-block-media-text__media\"><img loading=\"lazy\" decoding=\"async\" width=\"1024\" height=\"768\" src=\"https:\/\/www.mirallesart.com\/wp-content\/uploads\/2020\/10\/Calle-de-Par\u00eds-en-oto\u00f1o-54x45-Marca-1-1024x768.jpg\" alt=\"\" class=\"wp-image-469\" srcset=\"https:\/\/www.mirallesart.com\/wp-content\/uploads\/2020\/10\/Calle-de-Par\u00eds-en-oto\u00f1o-54x45-Marca-1-1024x768.jpg 1024w, https:\/\/www.mirallesart.com\/wp-content\/uploads\/2020\/10\/Calle-de-Par\u00eds-en-oto\u00f1o-54x45-Marca-1-300x225.jpg 300w, https:\/\/www.mirallesart.com\/wp-content\/uploads\/2020\/10\/Calle-de-Par\u00eds-en-oto\u00f1o-54x45-Marca-1-768x576.jpg 768w, https:\/\/www.mirallesart.com\/wp-content\/uploads\/2020\/10\/Calle-de-Par\u00eds-en-oto\u00f1o-54x45-Marca-1-1536x1152.jpg 1536w, https:\/\/www.mirallesart.com\/wp-content\/uploads\/2020\/10\/Calle-de-Par\u00eds-en-oto\u00f1o-54x45-Marca-1-2048x1536.jpg 2048w, https:\/\/www.mirallesart.com\/wp-content\/uploads\/2020\/10\/Calle-de-Par\u00eds-en-oto\u00f1o-54x45-Marca-1-155x116.jpg 155w\" sizes=\"(max-width: 1024px) 100vw, 1024px\" \/><\/figure><div class=\"wp-block-media-text__content\">\n<p>Fa uns anys va fer el salt natural per a ell a la pintura de galeria on podia mostrar-se amb molta m\u00e9s llibertat. La seva primera exposici\u00f3 va ser a la Galeria Jaimes de Passeig de Gr\u00e0cia de Barcelona, \u200b\u200bi des de llavors ha seguit alternant la seva tasca com a il\u00b7lustrador i la de pintor. Ha fet exposicions a Barcelona (l&#8217;esmentada Jaimes, Col\u00b7legi d&#8217;Arquitectes, Galeria Almirall, Club Dhin entre d&#8217;altres), Arenys de Mar, Olot (Galeria Armengol) i nombroses exposicions col\u00b7lectives. L&#8217;activitat pict\u00f2rica de molts anys de Josep Maria Miralles ha estat i \u00e9s molt fruct\u00edfera. La seva obra est\u00e0 molt repartida entre col\u00b7leccions privades de molts pa\u00efsos.<\/p>\n\n\n\n<p>Actualment el seu estil \u00e9s realista, amb una bona base de dibuix, una pinzellada dol\u00e7a i elegant i amb una t\u00e8cnica notable fruit de la seva experi\u00e8ncia de molts anys. Les seves obres trasllueixen una vibraci\u00f3 especial, fruit del seu amor i entrega a la feina.<\/p>\n\n\n\n<p>Ell viu per i per a la seva pintura. Les seves obres s\u00f3n un veritable reflex de si mateix, perqu\u00e8 Josep Maria es lliura totalment a la seva vocaci\u00f3.<\/p>\n<\/div><\/div>\n","protected":false},"excerpt":{"rendered":"<p>Josep Maria Miralles va n\u00e9ixer l&#8217;any 1937 a Barcelona, \u200b\u200ben plena Guerra Civil Espanyola, sota els bombardejos de l&#8217;aviaci\u00f3 feixista, &hellip; <a href=\"https:\/\/www.mirallesart.com\/index.php\/ca\/front-page-catala\/biografia\/\" class=\"more-link\">Sigue leyendo <span class=\"screen-reader-text\">Biografia<\/span><\/a><\/p>\n","protected":false},"author":1,"featured_media":0,"parent":443,"menu_order":0,"comment_status":"closed","ping_status":"closed","template":"page-templates\/full-width.php","meta":{"om_disable_all_campaigns":false,"_monsterinsights_skip_tracking":false,"_monsterinsights_sitenote_active":false,"_monsterinsights_sitenote_note":"","_monsterinsights_sitenote_category":0,"_uf_show_specific_survey":0,"_uf_disable_surveys":false,"footnotes":""},"class_list":["post-465","page","type-page","status-publish","hentry"],"aioseo_notices":[],"_links":{"self":[{"href":"https:\/\/www.mirallesart.com\/index.php\/wp-json\/wp\/v2\/pages\/465","targetHints":{"allow":["GET"]}}],"collection":[{"href":"https:\/\/www.mirallesart.com\/index.php\/wp-json\/wp\/v2\/pages"}],"about":[{"href":"https:\/\/www.mirallesart.com\/index.php\/wp-json\/wp\/v2\/types\/page"}],"author":[{"embeddable":true,"href":"https:\/\/www.mirallesart.com\/index.php\/wp-json\/wp\/v2\/users\/1"}],"replies":[{"embeddable":true,"href":"https:\/\/www.mirallesart.com\/index.php\/wp-json\/wp\/v2\/comments?post=465"}],"version-history":[{"count":2,"href":"https:\/\/www.mirallesart.com\/index.php\/wp-json\/wp\/v2\/pages\/465\/revisions"}],"predecessor-version":[{"id":504,"href":"https:\/\/www.mirallesart.com\/index.php\/wp-json\/wp\/v2\/pages\/465\/revisions\/504"}],"up":[{"embeddable":true,"href":"https:\/\/www.mirallesart.com\/index.php\/wp-json\/wp\/v2\/pages\/443"}],"wp:attachment":[{"href":"https:\/\/www.mirallesart.com\/index.php\/wp-json\/wp\/v2\/media?parent=465"}],"curies":[{"name":"wp","href":"https:\/\/api.w.org\/{rel}","templated":true}]}}