{"id":3,"date":"2020-09-07T14:41:17","date_gmt":"2020-09-07T14:41:17","guid":{"rendered":"http:\/\/www.mirallesart.com\/?page_id=3"},"modified":"2025-04-08T14:30:05","modified_gmt":"2025-04-08T14:30:05","slug":"politica-privacidad","status":"publish","type":"page","link":"https:\/\/www.mirallesart.com\/index.php\/politica-privacidad\/","title":{"rendered":"Pol\u00edtica de privacidad"},"content":{"rendered":"\n<p>JMMiralles Barcelona conforme a la legislaci\u00f3n vigente en materia de protecci\u00f3n de datos de car\u00e1cter personal, informa a los usuarios de Jmmiralles.com acerca de su Pol\u00edtica de Protecci\u00f3n de Datos que ser\u00e1 de aplicaci\u00f3n en el tratamiento de los datos personales que sean facilitados por el usuario cuando accede, usa y\/o se registra en Jmmiralles.com.<\/p>\n\n\n\n<p>JMMiralles Barcelona garantiza el tratamiento confidencial de los datos personales de los usuarios, as\u00ed como, conforme a lo establecido en el art\u00edculo 9 de la Ley Org\u00e1nica 15\/1999, de 13 de diciembre, de protecci\u00f3n de datos de car\u00e1cter personal, que se han adoptado las medidas de \u00edndole t\u00e9cnica y organizativas necesarias para la seguridad de los datos de car\u00e1cter personal y evitar su alteraci\u00f3n, p\u00e9rdida, tratamiento o acceso no autorizado, habida cuenta del estado de la tecnolog\u00eda, la naturaleza de los datos almacenados y los riesgos a que est\u00e1n expuestos, ya provengan de la acci\u00f3n humana o del medio f\u00edsico o natural.<\/p>\n\n\n\n<p>As\u00ed mismo, JMMiralles Barcelona informa al usuario que las instalaciones, sistemas y ficheros en las que se albergan los datos personales cumplen con las medidas de seguridad establecidas en el Real Decreto 994\/1999, de 11 de junio, por el cual se aprueban las medidas de seguridad aplicables a ficheros autom\u00e1ticos con datos de car\u00e1cter personal.<\/p>\n\n\n\n<p><strong>Registro de visitas<\/strong><\/p>\n\n\n\n<p>JMMiralles Barcelona comunica a los usuarios de Jmmiralles.com que la direcci\u00f3n IP con la que accede al servidor de JMMiralles Barcelona, la fecha y hora del acceso, as\u00ed como las p\u00e1ginas que visite que est\u00e9n alojadas en este servidor, quedar\u00e1n recogidas y almacenadas en un archivo LOG que ser\u00e1 objeto de tratamiento por parte de JMMiralles Barcelona a los efectos de contabilizar las visitas que recibe Jmmiralles.com as\u00ed como para la realizaci\u00f3n de estad\u00edsticas.<\/p>\n\n\n\n<p><strong>Registro de usuarios<\/strong><\/p>\n\n\n\n<p>Los datos personales de los usuarios solicitados en el registro de usuarios de Jmmiralles.com son objeto de tratamiento automatizado y se incorporan a un fichero de datos de car\u00e1cter personal responsabilidad de JMMiralles Barcelona.<\/p>\n\n\n\n<p>Dichos datos han de ser verdaderos, exactos, completos y actualizados, siendo el usuario el \u00fanico responsable de cualquier da\u00f1o o perjuicio, directo o indirecto, que pudiera ocasionar a JMMiralles Barcelona o a cualquier tercero a causa de la falsedad, inexactitud, insuficiencia o no actualizaci\u00f3n de los mismos.<\/p>\n\n\n\n<p>En caso de que el usuario sea menor de edad, se advierte que ha de obtener la autorizaci\u00f3n previa del mayor a cuyo cargo se encuentre para facilitar los datos personales que se soliciten. JMMiralles Barcelona se exime de cualquier tipo de responsabilidad por el incumplimiento de este requisito.<\/p>\n\n\n\n<p>La finalidad de la recogida y del tratamiento de los datos personales solicitados en Jmmiralles.com es: (i) la identificaci\u00f3n del usuario con el prop\u00f3sito de una atenci\u00f3n m\u00e1s personalizada; (ii) la administraci\u00f3n, el estudio y la mejora de la oferta de servicios; (iii) el estudio y el dise\u00f1o de nuevos servicios en virtud de las preferencias de los usuarios; y (iv) el env\u00edo de informaci\u00f3n t\u00e9cnica, comercial e informativa sobre Jmmiralles.com.<\/p>\n\n\n\n<p>El titular de los datos tendr\u00e1 en todo momento el derecho de acceder a los ficheros automatizados, pudiendo ejercitar los derechos de rectificaci\u00f3n, cancelaci\u00f3n y oposici\u00f3n en los t\u00e9rminos recogidos en la legislaci\u00f3n de protecci\u00f3n de datos. A tal fin, JMMiralles Barcelona ha habilitado unos procesos sencillos y gratuitos que est\u00e1n a disposici\u00f3n del usuario.<\/p>\n\n\n\n<p>Los datos personales facilitados a JMMiralles Barcelona no ser\u00e1n cedidos a terceros sin autorizaci\u00f3n previa por parte del titular de los mismos, salvo en aquellos casos previstos expresamente por la ley, y siempre que se cumplan los requisitos establecidos en la misma.<\/p>\n\n\n\n<p>En cualquier caso, el consentimiento del usuario para el tratamiento y cesi\u00f3n de sus datos personales ser\u00e1 revocable en todo momento, bastando para ello una comunicaci\u00f3n escrita al responsable del fichero. Dicha comunicaci\u00f3n deber\u00e1 realizarse mediante el env\u00edo de un mail a contacto@jmmiralles.com, con indicaci\u00f3n del nombre y adjuntando copia de su Documento Nacional de Identidad u otro documento acreditativo.<\/p>\n","protected":false},"excerpt":{"rendered":"<p>JMMiralles Barcelona conforme a la legislaci\u00f3n vigente en materia de protecci\u00f3n de datos de car\u00e1cter personal, informa a los usuarios &hellip; <a href=\"https:\/\/www.mirallesart.com\/index.php\/politica-privacidad\/\" class=\"more-link\">Sigue leyendo <span class=\"screen-reader-text\">Pol\u00edtica de privacidad<\/span><\/a><\/p>\n","protected":false},"author":1,"featured_media":0,"parent":0,"menu_order":0,"comment_status":"closed","ping_status":"open","template":"","meta":{"om_disable_all_campaigns":false,"_monsterinsights_skip_tracking":false,"_monsterinsights_sitenote_active":false,"_monsterinsights_sitenote_note":"","_monsterinsights_sitenote_category":0,"_uf_show_specific_survey":0,"_uf_disable_surveys":false,"footnotes":""},"class_list":["post-3","page","type-page","status-publish","hentry"],"aioseo_notices":[],"_links":{"self":[{"href":"https:\/\/www.mirallesart.com\/index.php\/wp-json\/wp\/v2\/pages\/3","targetHints":{"allow":["GET"]}}],"collection":[{"href":"https:\/\/www.mirallesart.com\/index.php\/wp-json\/wp\/v2\/pages"}],"about":[{"href":"https:\/\/www.mirallesart.com\/index.php\/wp-json\/wp\/v2\/types\/page"}],"author":[{"embeddable":true,"href":"https:\/\/www.mirallesart.com\/index.php\/wp-json\/wp\/v2\/users\/1"}],"replies":[{"embeddable":true,"href":"https:\/\/www.mirallesart.com\/index.php\/wp-json\/wp\/v2\/comments?post=3"}],"version-history":[{"count":1,"href":"https:\/\/www.mirallesart.com\/index.php\/wp-json\/wp\/v2\/pages\/3\/revisions"}],"predecessor-version":[{"id":434,"href":"https:\/\/www.mirallesart.com\/index.php\/wp-json\/wp\/v2\/pages\/3\/revisions\/434"}],"wp:attachment":[{"href":"https:\/\/www.mirallesart.com\/index.php\/wp-json\/wp\/v2\/media?parent=3"}],"curies":[{"name":"wp","href":"https:\/\/api.w.org\/{rel}","templated":true}]}}